{"id":537,"date":"2025-09-03T21:23:19","date_gmt":"2025-09-03T19:23:19","guid":{"rendered":"https:\/\/spoldzielniamuzyczna.com\/albumy\/"},"modified":"2025-10-24T11:32:42","modified_gmt":"2025-10-24T09:32:42","slug":"albumy","status":"publish","type":"page","link":"http:\/\/spoldzielniamuzyczna.com\/en\/albumy\/","title":{"rendered":"Albums"},"content":{"rendered":"\n<section id=\"top-title-block_68b95018cd80f\" class=\"top-title\">\n  <div class=\"container\">\n    <h1 class=\"top-title__title fw600 upper\">Albumy<\/h1>\n  <\/div>\n<\/section>\n\n\n\n\n<section id=\"albums-block_68b95018cd83a\" class=\"albums\">\n  <div class=\"container albums__container\">\n          <div class=\"albums__item\">\n        <div class=\"albums__image\">\n          <img loading=\"lazy\" decoding=\"async\" width=\"1024\" height=\"1024\" src=\"http:\/\/spoldzielniamuzyczna.com\/wp-content\/uploads\/2025\/12\/Projekt-bez-nazwy-1-1-1024x1024.jpg\" class=\"attachment-large size-large\" alt=\"\" srcset=\"http:\/\/spoldzielniamuzyczna.com\/wp-content\/uploads\/2025\/12\/Projekt-bez-nazwy-1-1-1024x1024.jpg 1024w, http:\/\/spoldzielniamuzyczna.com\/wp-content\/uploads\/2025\/12\/Projekt-bez-nazwy-1-1-300x300.jpg 300w, http:\/\/spoldzielniamuzyczna.com\/wp-content\/uploads\/2025\/12\/Projekt-bez-nazwy-1-1-150x150.jpg 150w, http:\/\/spoldzielniamuzyczna.com\/wp-content\/uploads\/2025\/12\/Projekt-bez-nazwy-1-1-768x768.jpg 768w, http:\/\/spoldzielniamuzyczna.com\/wp-content\/uploads\/2025\/12\/Projekt-bez-nazwy-1-1-1536x1536.jpg 1536w, http:\/\/spoldzielniamuzyczna.com\/wp-content\/uploads\/2025\/12\/Projekt-bez-nazwy-1-1.jpg 2048w\" sizes=\"(max-width: 1024px) 100vw, 1024px\" \/>        <\/div>\n        <div class=\"albums__content\">\n          <h2 class=\"albums__title\">Artur Zagajewski \u2022 [&#8230;]!<\/h2>\n                      <div class=\"albums__subtitle\">Requiem Records, 2025<\/div>\n                                <div class=\"albums__text\"><p data-start=\"41\" data-end=\"517\">The album &#8220;[&#8230;]!&#8221; is a project situated at the intersection of contemporary, chamber, and experimental music, combining voice with instrumental ensemble and electronics. The musical layer is based on contrasts: dense textures and sparse, almost ascetic passages in which timbre, silence, and tension play a crucial role. The instrumental parts often operate on the threshold between sound and noise, while the voice functions both as a carrier of text and as a sonic element.<\/p>\n<p data-start=\"519\" data-end=\"768\">The thematic focus is on liminal experiences: transience, loss, and the desire for freedom, present more as an emotional undercurrent than as a literal narrative. The work as a whole forms a cohesive, dark sonic story about memory and disappearance.<\/p>\n<p data-start=\"526\" data-end=\"741\">***<\/p>\n<p data-start=\"526\" data-end=\"741\">\u201cCo-financed by the Minister of Culture and National Heritage of the Republic of Poland from the Culture Promotion Fund \u2013 a state earmarked fund, within the \u2018Muzyczny \u015blad\u2019 programme, implemented by the National Institute of Music and Dance.\u201d<\/p>\n<p data-start=\"526\" data-end=\"741\">\n<\/div>\n                                <a class=\"albums__link button\" href=\"https:\/\/opus-series.com\/pl\/sklep\/smce?fbclid=IwY2xjawO4oNhleHRuA2FlbQIxMABicmlkETBZTUZKWEV3aE9UcldnZDhCc3J0YwZhcHBfaWQQMjIyMDM5MTc4ODIwMDg5MgABHsKXZqXb6eODaEO0nsI2nVTW0LJoQ64QMjknh-2G2O3uty3fAuwkPerO_kCH_aem_6nutYDJf9qP4pN0Niyje-g\" target=\"\">\n              Requiem Records            <\/a>\n                  <\/div>\n      <\/div>\n          <div class=\"albums__item\">\n        <div class=\"albums__image\">\n          <img loading=\"lazy\" decoding=\"async\" width=\"1024\" height=\"882\" src=\"http:\/\/spoldzielniamuzyczna.com\/wp-content\/uploads\/2025\/09\/sm2-1024x882.png\" class=\"attachment-large size-large\" alt=\"\" srcset=\"http:\/\/spoldzielniamuzyczna.com\/wp-content\/uploads\/2025\/09\/sm2-1024x882.png 1024w, http:\/\/spoldzielniamuzyczna.com\/wp-content\/uploads\/2025\/09\/sm2-300x258.png 300w, http:\/\/spoldzielniamuzyczna.com\/wp-content\/uploads\/2025\/09\/sm2-768x661.png 768w, http:\/\/spoldzielniamuzyczna.com\/wp-content\/uploads\/2025\/09\/sm2.png 1066w\" sizes=\"(max-width: 1024px) 100vw, 1024px\" \/>        <\/div>\n        <div class=\"albums__content\">\n          <h2 class=\"albums__title\">ZYGMUNT KRAUZE \u2022 CONTEXTS<\/h2>\n                      <div class=\"albums__subtitle\">DUX, 2024<\/div>\n                                <div class=\"albums__text\"><p>Zygmunt Krauze&#8217;s &#8220;Contexts&#8221; is a monographic album featuring the work of this distinguished Polish composer, which broadly reflects the rich and diverse panorama of 20th- and 21st-century chamber music. It features works from several periods of Krauze&#8217;s work \u2013 from his early work, reflecting the style of French modernism, to his most recent works, written in 2022-2023. The album was released by DUX. The performers are Sp\u00f3\u0142dzielnia Muzyczna Contemporary Ensemble\u00a0 and Zygmunt Krauze, as soloist on the piano. The recordings were made in the concert hall of the Gra\u017cyna and Kiejstut Bacewicz Academy of Music in \u0141\u00f3d\u017a, and were recorded by Krzysztof Sztekmiler.<\/p>\n<\/div>\n                                <a class=\"albums__link button\" href=\"https:\/\/www.dux.pl\/zygmunt-krauze-konteksty-a.html\" target=\"_blank\">\n              DUX            <\/a>\n                  <\/div>\n      <\/div>\n          <div class=\"albums__item\">\n        <div class=\"albums__image\">\n          <img loading=\"lazy\" decoding=\"async\" width=\"1024\" height=\"1024\" src=\"http:\/\/spoldzielniamuzyczna.com\/wp-content\/uploads\/2025\/09\/Spoldzielnia_Muzyczna_01-2048x2048-1-1024x1024.png\" class=\"attachment-large size-large\" alt=\"\" srcset=\"http:\/\/spoldzielniamuzyczna.com\/wp-content\/uploads\/2025\/09\/Spoldzielnia_Muzyczna_01-2048x2048-1-1024x1024.png 1024w, http:\/\/spoldzielniamuzyczna.com\/wp-content\/uploads\/2025\/09\/Spoldzielnia_Muzyczna_01-2048x2048-1-300x300.png 300w, http:\/\/spoldzielniamuzyczna.com\/wp-content\/uploads\/2025\/09\/Spoldzielnia_Muzyczna_01-2048x2048-1-150x150.png 150w, http:\/\/spoldzielniamuzyczna.com\/wp-content\/uploads\/2025\/09\/Spoldzielnia_Muzyczna_01-2048x2048-1-768x768.png 768w, http:\/\/spoldzielniamuzyczna.com\/wp-content\/uploads\/2025\/09\/Spoldzielnia_Muzyczna_01-2048x2048-1-1536x1536.png 1536w, http:\/\/spoldzielniamuzyczna.com\/wp-content\/uploads\/2025\/09\/Spoldzielnia_Muzyczna_01-2048x2048-1.png 2048w\" sizes=\"(max-width: 1024px) 100vw, 1024px\" \/>        <\/div>\n        <div class=\"albums__content\">\n          <h2 class=\"albums__title\">PLAYGROUND CALL FOR SCORES IN CONCERT<\/h2>\n                      <div class=\"albums__subtitle\">2023, wydanie w\u0142asne<\/div>\n                                <div class=\"albums__text\"><p>This is a CD document of the first edition of our flagship project, in which we annually invite composers to engage in genuine, close, and intense collaboration. The album records the first of two concerts in 2022, where we presented the fruits of this vibrant collaboration\u2014with Alex Vaughan (Australia), Fabio Machiavelli (Italy), Rachel C. Walker (United States), Agata Zemla (Poland), Jug Markovi\u0107 (Serbia), and Hristina \u0160u\u0161ak (also from Serbia). We further expanded the collaborative dimension of the project by creating an original physical object together with Krakow&#8217;s Bl\u00fcrbstudio and Drukarnia Kolory.<\/p>\n<\/div>\n                                <a class=\"albums__link button\" href=\"https:\/\/spoldzielniamuzyczna.bandcamp.com\/album\/playground-call-for-scores-in-concert\" target=\"_blank\">\n              BANDCAMP            <\/a>\n                  <\/div>\n      <\/div>\n          <div class=\"albums__item\">\n        <div class=\"albums__image\">\n          <img loading=\"lazy\" decoding=\"async\" width=\"1024\" height=\"1024\" src=\"http:\/\/spoldzielniamuzyczna.com\/wp-content\/uploads\/2025\/09\/Peszat_CD-2048x2048-1-1024x1024.png\" class=\"attachment-large size-large\" alt=\"\" srcset=\"http:\/\/spoldzielniamuzyczna.com\/wp-content\/uploads\/2025\/09\/Peszat_CD-2048x2048-1-1024x1024.png 1024w, http:\/\/spoldzielniamuzyczna.com\/wp-content\/uploads\/2025\/09\/Peszat_CD-2048x2048-1-300x300.png 300w, http:\/\/spoldzielniamuzyczna.com\/wp-content\/uploads\/2025\/09\/Peszat_CD-2048x2048-1-150x150.png 150w, http:\/\/spoldzielniamuzyczna.com\/wp-content\/uploads\/2025\/09\/Peszat_CD-2048x2048-1-768x768.png 768w, http:\/\/spoldzielniamuzyczna.com\/wp-content\/uploads\/2025\/09\/Peszat_CD-2048x2048-1-1536x1536.png 1536w, http:\/\/spoldzielniamuzyczna.com\/wp-content\/uploads\/2025\/09\/Peszat_CD-2048x2048-1.png 2048w\" sizes=\"(max-width: 1024px) 100vw, 1024px\" \/>        <\/div>\n        <div class=\"albums__content\">\n          <h2 class=\"albums__title\">MUSIC FOR CULTURE WARS<\/h2>\n                      <div class=\"albums__subtitle\">2022, B\u00f4\u0142t Records<\/div>\n                                <div class=\"albums__text\"><p>A souvenir from the mid-pandemic edition of the Sacrum Profanum festival. Piotr Peszat drew from a range of then-current or everlasting contexts. He adopted the mechanics of Netflix&#8217;s <em>Bandersnatch<\/em> to specifically\u2014quasi-autobiographically\u2014address current social and cultural issues, as well as the herritage of Polish composition. By voting, the audience influenced the course of events; and thanks to the (double) disc, one can imagine all possible combinations and consequences.<\/p>\n<\/div>\n                                <a class=\"albums__link button\" href=\"https:\/\/boltrecords.pl\/1,new-music\/186,peszat,pl.html\" target=\"_blank\">\n              B\u00f4\u0142t Records            <\/a>\n                  <\/div>\n      <\/div>\n          <div class=\"albums__item\">\n        <div class=\"albums__image\">\n          <img loading=\"lazy\" decoding=\"async\" width=\"1024\" height=\"1024\" src=\"http:\/\/spoldzielniamuzyczna.com\/wp-content\/uploads\/2025\/09\/SM_contemporary_ensemble3-1024x1024.png\" class=\"attachment-large size-large\" alt=\"\" srcset=\"http:\/\/spoldzielniamuzyczna.com\/wp-content\/uploads\/2025\/09\/SM_contemporary_ensemble3-1024x1024.png 1024w, http:\/\/spoldzielniamuzyczna.com\/wp-content\/uploads\/2025\/09\/SM_contemporary_ensemble3-300x300.png 300w, http:\/\/spoldzielniamuzyczna.com\/wp-content\/uploads\/2025\/09\/SM_contemporary_ensemble3-150x150.png 150w, http:\/\/spoldzielniamuzyczna.com\/wp-content\/uploads\/2025\/09\/SM_contemporary_ensemble3-768x768.png 768w, http:\/\/spoldzielniamuzyczna.com\/wp-content\/uploads\/2025\/09\/SM_contemporary_ensemble3.png 1400w\" sizes=\"(max-width: 1024px) 100vw, 1024px\" \/>        <\/div>\n        <div class=\"albums__content\">\n          <h2 class=\"albums__title\">SP\u00d3\u0141DZIELNIA MUZYCZNA CONTEMPORARY ENSEMBLE<\/h2>\n                      <div class=\"albums__subtitle\">2021, DUX Recording Producers<\/div>\n                                <div class=\"albums__text\"><p>Sp\u00f3\u0142dzielnia&#8217;s first fully independent album. It features compositions that shaped the ensemble&#8217;s identity and hardened our musical spirit. The ensemble balances one foot in 20th-century classics and the other in sonic and performance experiments. Initiated by the swing of Kagels axe, the narrative leads through the virtuosity of Franco Donatoni, the hyper-energy of Brigitta Muntendorf, the tradition-longing music of Pawe\u0142 Szyma\u0144ski, and the electronic syntheses of Piotr Peszat, all the way to the wild dance of cans and bells in Ricardo Eizirik&#8217;s piece. New music here strives for a broad horizon\u2014much like Sp\u00f3\u0142dzielnia itself.<\/p>\n<p>The project is co-financed by the City of Krak\u00f3w\u2014the Krakow Creative Scholarship.<\/p>\n<\/div>\n                                <a class=\"albums__link button\" href=\"https:\/\/www.dux.pl\/kagel-donatoni-szymanski-muntendorf-peszat-eizirik-spoldzielnia-muzyczna.html\" target=\"\">\n              DUX            <\/a>\n                  <\/div>\n      <\/div>\n          <div class=\"albums__item\">\n        <div class=\"albums__image\">\n          <img loading=\"lazy\" decoding=\"async\" width=\"1024\" height=\"1024\" src=\"http:\/\/spoldzielniamuzyczna.com\/wp-content\/uploads\/2025\/09\/Muzyczne_Dekady-1024x1024.png\" class=\"attachment-large size-large\" alt=\"\" srcset=\"http:\/\/spoldzielniamuzyczna.com\/wp-content\/uploads\/2025\/09\/Muzyczne_Dekady-1024x1024.png 1024w, http:\/\/spoldzielniamuzyczna.com\/wp-content\/uploads\/2025\/09\/Muzyczne_Dekady-300x300.png 300w, http:\/\/spoldzielniamuzyczna.com\/wp-content\/uploads\/2025\/09\/Muzyczne_Dekady-150x150.png 150w, http:\/\/spoldzielniamuzyczna.com\/wp-content\/uploads\/2025\/09\/Muzyczne_Dekady-768x768.png 768w, http:\/\/spoldzielniamuzyczna.com\/wp-content\/uploads\/2025\/09\/Muzyczne_Dekady.png 1400w\" sizes=\"(max-width: 1024px) 100vw, 1024px\" \/>        <\/div>\n        <div class=\"albums__content\">\n          <h2 class=\"albums__title\">100 FOR 100. MUSICAL DECADES OF FREEDOM<\/h2>\n                      <div class=\"albums__subtitle\">2018, Polskie Wydawnictwo Muzyczne<\/div>\n                                <div class=\"albums__text\"><p>A patriotic project. In 2018, to commemorate the centenary of Polish independence, PWM edition released a retrospective musical calendar in the form of a thirty-six-disc box. We received the 2011 card, which featured Jagoda Szmytka&#8217;s &#8220;Electrified Memories of Bloody Cherries.&#8221; Our colleague, Mateusz Loska of the Hashtag Ensemble, joined us on double bass. Kudos to our drummer, Alek, for wandering Krakow&#8217;s scrapyards in search of the perfect-sounding anvils and grills.<\/p>\n<\/div>\n                                <a class=\"albums__link button\" href=\"https:\/\/pwm.com.pl\/pl\/sklep\/publikacja\/box-100-na-100-wersja-polska,,22152,ksiegarnia.htm\" target=\"_blank\">\n              PWM            <\/a>\n                  <\/div>\n      <\/div>\n          <div class=\"albums__item\">\n        <div class=\"albums__image\">\n          <img loading=\"lazy\" decoding=\"async\" width=\"1024\" height=\"1024\" src=\"http:\/\/spoldzielniamuzyczna.com\/wp-content\/uploads\/2025\/09\/Opera_poland-1024x1024.png\" class=\"attachment-large size-large\" alt=\"\" srcset=\"http:\/\/spoldzielniamuzyczna.com\/wp-content\/uploads\/2025\/09\/Opera_poland-1024x1024.png 1024w, http:\/\/spoldzielniamuzyczna.com\/wp-content\/uploads\/2025\/09\/Opera_poland-300x300.png 300w, http:\/\/spoldzielniamuzyczna.com\/wp-content\/uploads\/2025\/09\/Opera_poland-150x150.png 150w, http:\/\/spoldzielniamuzyczna.com\/wp-content\/uploads\/2025\/09\/Opera_poland-768x768.png 768w, http:\/\/spoldzielniamuzyczna.com\/wp-content\/uploads\/2025\/09\/Opera_poland.png 1400w\" sizes=\"(max-width: 1024px) 100vw, 1024px\" \/>        <\/div>\n        <div class=\"albums__content\">\n          <h2 class=\"albums__title\">OPERA ABOUT POLAND<\/h2>\n                      <div class=\"albums__subtitle\">2020, B\u00f4\u0142t Records<\/div>\n                                <div class=\"albums__text\"><p>Another patriotic project. Artur Zagajewski, composer of the music for the film<em> Opera about Poland<\/em>, was very supportive from the beginning, and his <em>Mechanofaktura<\/em> became an important part of our repertoire. For the opera itself, the four members of Sp\u00f3\u0142dzielnia joined forces with accordionist Eneasz Kubit, clarinetist Micha\u0142 G\u00f3rczy\u0144ski, guitarist Wojtek B\u0142a\u017cejczyk, and conductor Maciej Koczur. Piotr Stasik&#8217;s film, with Artur&#8217;s music, is an authentic study of Polishness, in which we were tasked, among other things, with playing muffled music boxes.<\/p>\n<\/div>\n                                <a class=\"albums__link button\" href=\"https:\/\/boltrecords.pl\/1,new-music\/174,opera,pl.html\" target=\"\">\n              B\u00f4\u0142t            <\/a>\n                  <\/div>\n      <\/div>\n          <div class=\"albums__item\">\n        <div class=\"albums__image\">\n          <img loading=\"lazy\" decoding=\"async\" width=\"1024\" height=\"1024\" src=\"http:\/\/spoldzielniamuzyczna.com\/wp-content\/uploads\/2025\/09\/Warszawska_jesien-1024x1024.png\" class=\"attachment-large size-large\" alt=\"\" srcset=\"http:\/\/spoldzielniamuzyczna.com\/wp-content\/uploads\/2025\/09\/Warszawska_jesien-1024x1024.png 1024w, http:\/\/spoldzielniamuzyczna.com\/wp-content\/uploads\/2025\/09\/Warszawska_jesien-300x300.png 300w, http:\/\/spoldzielniamuzyczna.com\/wp-content\/uploads\/2025\/09\/Warszawska_jesien-150x150.png 150w, http:\/\/spoldzielniamuzyczna.com\/wp-content\/uploads\/2025\/09\/Warszawska_jesien-768x768.png 768w, http:\/\/spoldzielniamuzyczna.com\/wp-content\/uploads\/2025\/09\/Warszawska_jesien.png 1400w\" sizes=\"(max-width: 1024px) 100vw, 1024px\" \/>        <\/div>\n        <div class=\"albums__content\">\n          <h2 class=\"albums__title\">SOUND CHRONICLE OF THE 60th WARSAW AUTUMN<\/h2>\n                      <div class=\"albums__subtitle\">2017, ZKP \/ ZAiKS<\/div>\n                                <div class=\"albums__text\"><p>The recording of <em>Shivers on Speed<\/em>, which appears on the album, comes from the documentation of one of our most important concerts. A cooperative in the salons, that is, on the stage of the National Philharmonic in Warsaw. <em>Shivers<\/em> itself is a composition very close to us: its performance built us as a group. The band&#8217;s friend Micha\u0142 G\u00f3rczy\u0144ski played the powerful clarinet part.<\/p>\n<\/div>\n                            <\/div>\n      <\/div>\n          <div class=\"albums__item\">\n        <div class=\"albums__image\">\n          <img loading=\"lazy\" decoding=\"async\" width=\"1024\" height=\"1024\" src=\"http:\/\/spoldzielniamuzyczna.com\/wp-content\/uploads\/2025\/09\/Aidan_baker-1024x1024.png\" class=\"attachment-large size-large\" alt=\"\" srcset=\"http:\/\/spoldzielniamuzyczna.com\/wp-content\/uploads\/2025\/09\/Aidan_baker-1024x1024.png 1024w, http:\/\/spoldzielniamuzyczna.com\/wp-content\/uploads\/2025\/09\/Aidan_baker-300x300.png 300w, http:\/\/spoldzielniamuzyczna.com\/wp-content\/uploads\/2025\/09\/Aidan_baker-150x150.png 150w, http:\/\/spoldzielniamuzyczna.com\/wp-content\/uploads\/2025\/09\/Aidan_baker-768x768.png 768w, http:\/\/spoldzielniamuzyczna.com\/wp-content\/uploads\/2025\/09\/Aidan_baker.png 1400w\" sizes=\"(max-width: 1024px) 100vw, 1024px\" \/>        <\/div>\n        <div class=\"albums__content\">\n          <h2 class=\"albums__title\">AIDAN BAKER<\/h2>\n                      <div class=\"albums__subtitle\">2020, Gizeh Records<\/div>\n                                <div class=\"albums__text\"><p>In 2017, Krzysztof Pietraszewski came up with the idea of \u200b\u200b\u200b\u200bmerging contemporary music with so-called alternative music: rock, ambient, electronica, metal. We approached these diverse trends with a somewhat hesitant approach, carefully discovering the surroundings\u2014and it turned out the road wasn&#8217;t far at all. That&#8217;s how the &#8220;Post Indie Classical&#8221; concert at Sacrum Profanum came about, several tracks from which found a second life on post-festival album tracklists. Aidan wrote a good minimal piece that we felt right at home with.<\/p>\n<\/div>\n                                <a class=\"albums__link button\" href=\"https:\/\/gizehrecords.com\/blogs\/news\/aidan-baker-an-instance-of-rising-liminoid\" target=\"_blank\">\n              GIZEH            <\/a>\n                  <\/div>\n      <\/div>\n      <\/div>\n<\/section>\n\n","protected":false},"excerpt":{"rendered":"","protected":false},"author":1,"featured_media":0,"parent":0,"menu_order":0,"comment_status":"closed","ping_status":"closed","template":"","meta":{"_acf_changed":false,"footnotes":""},"class_list":["post-537","page","type-page","status-publish","hentry"],"acf":[],"_links":{"self":[{"href":"http:\/\/spoldzielniamuzyczna.com\/en\/wp-json\/wp\/v2\/pages\/537","targetHints":{"allow":["GET"]}}],"collection":[{"href":"http:\/\/spoldzielniamuzyczna.com\/en\/wp-json\/wp\/v2\/pages"}],"about":[{"href":"http:\/\/spoldzielniamuzyczna.com\/en\/wp-json\/wp\/v2\/types\/page"}],"author":[{"embeddable":true,"href":"http:\/\/spoldzielniamuzyczna.com\/en\/wp-json\/wp\/v2\/users\/1"}],"replies":[{"embeddable":true,"href":"http:\/\/spoldzielniamuzyczna.com\/en\/wp-json\/wp\/v2\/comments?post=537"}],"version-history":[{"count":5,"href":"http:\/\/spoldzielniamuzyczna.com\/en\/wp-json\/wp\/v2\/pages\/537\/revisions"}],"predecessor-version":[{"id":542,"href":"http:\/\/spoldzielniamuzyczna.com\/en\/wp-json\/wp\/v2\/pages\/537\/revisions\/542"}],"wp:attachment":[{"href":"http:\/\/spoldzielniamuzyczna.com\/en\/wp-json\/wp\/v2\/media?parent=537"}],"curies":[{"name":"wp","href":"https:\/\/api.w.org\/{rel}","templated":true}]}}