{"id":637,"date":"2025-09-03T21:23:57","date_gmt":"2025-09-03T19:23:57","guid":{"rendered":"https:\/\/spoldzielniamuzyczna.com\/media\/"},"modified":"2025-11-08T20:22:01","modified_gmt":"2025-11-08T18:22:01","slug":"media","status":"publish","type":"page","link":"https:\/\/spoldzielniamuzyczna.com\/en\/media\/","title":{"rendered":"Media"},"content":{"rendered":"\n<section id=\"top-title-block_68b95b77dec45\" class=\"top-title\">\n  <div class=\"container\">\n    <h1 class=\"top-title__title fw600 upper\">Media<\/h1>\n  <\/div>\n<\/section>\n\n\n\n\n<section id=\"media-block_68b95b77dec6e\" class=\"media\">\n  <multi-media class=\"container d-block\">\n    <div class=\"media__filters\" data-filters role=\"tablist\" aria-label=\"Media filters\">\n      <button\n        class=\"media__filter-button button unstyled-button active\"\n        data-media-type=\"all\"\n        aria-selected=\"true\"\n        tabindex=\"0\"\n        role=\"tab\"\n        aria-controls=\"media-container\">\n        All      <\/button>\n              <button\n          class=\"media__filter-button button unstyled-button\"\n          data-media-type=\"photo\"\n          aria-selected=\"false\"\n          tabindex=\"-1\"\n          role=\"tab\"\n          aria-controls=\"media-container\">\n          Photo        <\/button>\n              <button\n          class=\"media__filter-button button unstyled-button\"\n          data-media-type=\"video\"\n          aria-selected=\"false\"\n          tabindex=\"-1\"\n          role=\"tab\"\n          aria-controls=\"media-container\">\n          Video        <\/button>\n          <\/div>\n    \n    <!-- Status element for screen readers -->\n    <div id=\"media-status\" class=\"sr-only\" aria-live=\"polite\" aria-atomic=\"true\"><\/div>\n    \n    \n  <div id=\"media-container\" class=\"media__container\" role=\"tabpanel\" aria-live=\"polite\" data-media-container>\n    <div class=\"media__columns\">\n      <div class=\"media__column\"><\/div>\n      <div class=\"media__column\"><\/div>\n      <div class=\"media__column\"><\/div>\n    <\/div>\n    <div class=\"media__items\" style=\"display: none;\">\n              <article class=\"media__item\" data-media-type=\"wideo\">\n          <header class=\"media__header\">\n                          <h2 class=\"media__title\">Zygmunt Krauze \u2014 De ira, de dolore<\/h2>\n                                  <\/header>\n          <div class=\"media__content\">\n                          <iframe loading=\"lazy\" title=\"Zygmunt Krauze \u2014 De ira, de dolore | Sp\u00f3\u0142dzielnia Muzyczna contemporary ensemble\" width=\"640\" height=\"360\" src=\"https:\/\/www.youtube.com\/embed\/c4eqU2h7cXM?feature=oembed\" frameborder=\"0\" allow=\"accelerometer; autoplay; clipboard-write; encrypted-media; gyroscope; picture-in-picture; web-share\" referrerpolicy=\"strict-origin-when-cross-origin\" allowfullscreen><\/iframe>                      <\/div>\n        <\/article>\n              <article class=\"media__item\" data-media-type=\"wideo\">\n          <header class=\"media__header\">\n                          <h2 class=\"media__title\">Pawe\u0142 Malinowski \u2014 [tytu\u0142 nieznany] <\/h2>\n                                  <\/header>\n          <div class=\"media__content\">\n                          <iframe loading=\"lazy\" title=\"Pawe\u0142 Malinowski \u2014 [tytu\u0142 nieznany] | Sp\u00f3\u0142dzielnia Muzyczna contemporary ensemble\" width=\"640\" height=\"360\" src=\"https:\/\/www.youtube.com\/embed\/5XPeN4W99MY?start=1&#038;feature=oembed\" frameborder=\"0\" allow=\"accelerometer; autoplay; clipboard-write; encrypted-media; gyroscope; picture-in-picture; web-share\" referrerpolicy=\"strict-origin-when-cross-origin\" allowfullscreen><\/iframe>                      <\/div>\n        <\/article>\n              <article class=\"media__item\" data-media-type=\"zdjecia\">\n          <header class=\"media__header\">\n                          <div class=\"media__no-title\"><\/div>\n                                      <div class=\"media__subtitle\">Fot. G. Mart<\/div>\n                      <\/header>\n          <div class=\"media__content\">\n                                          <img loading=\"lazy\" decoding=\"async\" width=\"2560\" height=\"1708\" src=\"https:\/\/spoldzielniamuzyczna.com\/wp-content\/uploads\/2025\/09\/fot.G.Mart_SM-3-scaled.jpg\" class=\"attachment-full size-full\" alt=\"\" srcset=\"https:\/\/spoldzielniamuzyczna.com\/wp-content\/uploads\/2025\/09\/fot.G.Mart_SM-3-scaled.jpg 2560w, https:\/\/spoldzielniamuzyczna.com\/wp-content\/uploads\/2025\/09\/fot.G.Mart_SM-3-300x200.jpg 300w, https:\/\/spoldzielniamuzyczna.com\/wp-content\/uploads\/2025\/09\/fot.G.Mart_SM-3-1024x683.jpg 1024w, https:\/\/spoldzielniamuzyczna.com\/wp-content\/uploads\/2025\/09\/fot.G.Mart_SM-3-768x512.jpg 768w, https:\/\/spoldzielniamuzyczna.com\/wp-content\/uploads\/2025\/09\/fot.G.Mart_SM-3-1536x1025.jpg 1536w, https:\/\/spoldzielniamuzyczna.com\/wp-content\/uploads\/2025\/09\/fot.G.Mart_SM-3-2048x1366.jpg 2048w\" sizes=\"(max-width: 2560px) 100vw, 2560px\" \/>                                    <\/div>\n        <\/article>\n              <article class=\"media__item\" data-media-type=\"wideo\">\n          <header class=\"media__header\">\n                          <h2 class=\"media__title\">Agata Zubel \u2014 Not I (excerpts)<\/h2>\n                                  <\/header>\n          <div class=\"media__content\">\n                          <iframe loading=\"lazy\" title=\"Agata Zubel \u2014 Not I (excerpts) | Sp\u00f3\u0142dzielnia Muzyczna contemporary ensemble\" width=\"640\" height=\"360\" src=\"https:\/\/www.youtube.com\/embed\/mLei0qLL_v0?feature=oembed\" frameborder=\"0\" allow=\"accelerometer; autoplay; clipboard-write; encrypted-media; gyroscope; picture-in-picture; web-share\" referrerpolicy=\"strict-origin-when-cross-origin\" allowfullscreen><\/iframe>                      <\/div>\n        <\/article>\n              <article class=\"media__item\" data-media-type=\"wideo\">\n          <header class=\"media__header\">\n                          <h2 class=\"media__title\">Nina Fukuoka &#8211; Polka is a Czech dance<\/h2>\n                                  <\/header>\n          <div class=\"media__content\">\n                          <iframe loading=\"lazy\" title=\"Nina Fukuoka -  Polka is a Czech dance | Sp\u00f3\u0142dzielnia Muzyczna contemporary ensemble\" width=\"640\" height=\"360\" src=\"https:\/\/www.youtube.com\/embed\/b05CgGBrbCU?feature=oembed\" frameborder=\"0\" allow=\"accelerometer; autoplay; clipboard-write; encrypted-media; gyroscope; picture-in-picture; web-share\" referrerpolicy=\"strict-origin-when-cross-origin\" allowfullscreen><\/iframe>                      <\/div>\n        <\/article>\n              <article class=\"media__item\" data-media-type=\"zdjecia\">\n          <header class=\"media__header\">\n                          <div class=\"media__no-title\"><\/div>\n                                      <div class=\"media__subtitle\">Fot. G. Mart<\/div>\n                      <\/header>\n          <div class=\"media__content\">\n                                          <img loading=\"lazy\" decoding=\"async\" width=\"2560\" height=\"1708\" src=\"https:\/\/spoldzielniamuzyczna.com\/wp-content\/uploads\/2025\/09\/SM_mocak-73-scaled.jpg\" class=\"attachment-full size-full\" alt=\"\" srcset=\"https:\/\/spoldzielniamuzyczna.com\/wp-content\/uploads\/2025\/09\/SM_mocak-73-scaled.jpg 2560w, https:\/\/spoldzielniamuzyczna.com\/wp-content\/uploads\/2025\/09\/SM_mocak-73-300x200.jpg 300w, https:\/\/spoldzielniamuzyczna.com\/wp-content\/uploads\/2025\/09\/SM_mocak-73-1024x683.jpg 1024w, https:\/\/spoldzielniamuzyczna.com\/wp-content\/uploads\/2025\/09\/SM_mocak-73-768x512.jpg 768w, https:\/\/spoldzielniamuzyczna.com\/wp-content\/uploads\/2025\/09\/SM_mocak-73-1536x1025.jpg 1536w, https:\/\/spoldzielniamuzyczna.com\/wp-content\/uploads\/2025\/09\/SM_mocak-73-2048x1366.jpg 2048w\" sizes=\"(max-width: 2560px) 100vw, 2560px\" \/>                                    <\/div>\n        <\/article>\n              <article class=\"media__item\" data-media-type=\"wideo\">\n          <header class=\"media__header\">\n                          <h2 class=\"media__title\">Fausto Romitelli &#8211; An Index of Metals (excerpt)<\/h2>\n                                  <\/header>\n          <div class=\"media__content\">\n                          <iframe loading=\"lazy\" title=\"Fausto Romitelli - An Index of Metals (excerpt) I Sp\u00f3\u0142dzielnia Muzyczna Contemporary Ensemble\" width=\"640\" height=\"360\" src=\"https:\/\/www.youtube.com\/embed\/DNOZerlEx20?feature=oembed\" frameborder=\"0\" allow=\"accelerometer; autoplay; clipboard-write; encrypted-media; gyroscope; picture-in-picture; web-share\" referrerpolicy=\"strict-origin-when-cross-origin\" allowfullscreen><\/iframe>                      <\/div>\n        <\/article>\n              <article class=\"media__item\" data-media-type=\"zdjecia\">\n          <header class=\"media__header\">\n                          <div class=\"media__no-title\"><\/div>\n                                      <div class=\"media__subtitle\">Fot. G. Mart<\/div>\n                      <\/header>\n          <div class=\"media__content\">\n                                          <img loading=\"lazy\" decoding=\"async\" width=\"2560\" height=\"1708\" src=\"https:\/\/spoldzielniamuzyczna.com\/wp-content\/uploads\/2025\/09\/SM_Krauze_Lodz-36-scaled.jpg\" class=\"attachment-full size-full\" alt=\"\" srcset=\"https:\/\/spoldzielniamuzyczna.com\/wp-content\/uploads\/2025\/09\/SM_Krauze_Lodz-36-scaled.jpg 2560w, https:\/\/spoldzielniamuzyczna.com\/wp-content\/uploads\/2025\/09\/SM_Krauze_Lodz-36-300x200.jpg 300w, https:\/\/spoldzielniamuzyczna.com\/wp-content\/uploads\/2025\/09\/SM_Krauze_Lodz-36-1024x683.jpg 1024w, https:\/\/spoldzielniamuzyczna.com\/wp-content\/uploads\/2025\/09\/SM_Krauze_Lodz-36-768x512.jpg 768w, https:\/\/spoldzielniamuzyczna.com\/wp-content\/uploads\/2025\/09\/SM_Krauze_Lodz-36-1536x1025.jpg 1536w, https:\/\/spoldzielniamuzyczna.com\/wp-content\/uploads\/2025\/09\/SM_Krauze_Lodz-36-2048x1366.jpg 2048w\" sizes=\"(max-width: 2560px) 100vw, 2560px\" \/>                                    <\/div>\n        <\/article>\n              <article class=\"media__item\" data-media-type=\"wideo\">\n          <header class=\"media__header\">\n                          <h2 class=\"media__title\">Alex Mincek &#8211; Trace <\/h2>\n                                  <\/header>\n          <div class=\"media__content\">\n                          <iframe loading=\"lazy\" title=\"Alex Mincek - Trace | Sp\u00f3\u0142dzielnia Muzyczna contemporary ensemble\" width=\"640\" height=\"360\" src=\"https:\/\/www.youtube.com\/embed\/UJfDTQzmvu0?feature=oembed\" frameborder=\"0\" allow=\"accelerometer; autoplay; clipboard-write; encrypted-media; gyroscope; picture-in-picture; web-share\" referrerpolicy=\"strict-origin-when-cross-origin\" allowfullscreen><\/iframe>                      <\/div>\n        <\/article>\n              <article class=\"media__item\" data-media-type=\"zdjecia\">\n          <header class=\"media__header\">\n                          <div class=\"media__no-title\"><\/div>\n                                      <div class=\"media__subtitle\">Fot. G. Mart<\/div>\n                      <\/header>\n          <div class=\"media__content\">\n                                          <img loading=\"lazy\" decoding=\"async\" width=\"2000\" height=\"1334\" src=\"https:\/\/spoldzielniamuzyczna.com\/wp-content\/uploads\/2025\/09\/SM_alchemia_internet-69.jpg\" class=\"attachment-full size-full\" alt=\"\" srcset=\"https:\/\/spoldzielniamuzyczna.com\/wp-content\/uploads\/2025\/09\/SM_alchemia_internet-69.jpg 2000w, https:\/\/spoldzielniamuzyczna.com\/wp-content\/uploads\/2025\/09\/SM_alchemia_internet-69-300x200.jpg 300w, https:\/\/spoldzielniamuzyczna.com\/wp-content\/uploads\/2025\/09\/SM_alchemia_internet-69-1024x683.jpg 1024w, https:\/\/spoldzielniamuzyczna.com\/wp-content\/uploads\/2025\/09\/SM_alchemia_internet-69-768x512.jpg 768w, https:\/\/spoldzielniamuzyczna.com\/wp-content\/uploads\/2025\/09\/SM_alchemia_internet-69-1536x1025.jpg 1536w\" sizes=\"(max-width: 2000px) 100vw, 2000px\" \/>                                    <\/div>\n        <\/article>\n              <article class=\"media__item\" data-media-type=\"zdjecia\">\n          <header class=\"media__header\">\n                          <div class=\"media__no-title\"><\/div>\n                                      <div class=\"media__subtitle\">Fot. G. Mart<\/div>\n                      <\/header>\n          <div class=\"media__content\">\n                                          <img loading=\"lazy\" decoding=\"async\" width=\"2560\" height=\"1708\" src=\"https:\/\/spoldzielniamuzyczna.com\/wp-content\/uploads\/2025\/09\/SM_mocak-74-scaled.jpg\" class=\"attachment-full size-full\" alt=\"\" srcset=\"https:\/\/spoldzielniamuzyczna.com\/wp-content\/uploads\/2025\/09\/SM_mocak-74-scaled.jpg 2560w, https:\/\/spoldzielniamuzyczna.com\/wp-content\/uploads\/2025\/09\/SM_mocak-74-300x200.jpg 300w, https:\/\/spoldzielniamuzyczna.com\/wp-content\/uploads\/2025\/09\/SM_mocak-74-1024x683.jpg 1024w, https:\/\/spoldzielniamuzyczna.com\/wp-content\/uploads\/2025\/09\/SM_mocak-74-768x512.jpg 768w, https:\/\/spoldzielniamuzyczna.com\/wp-content\/uploads\/2025\/09\/SM_mocak-74-1536x1025.jpg 1536w, https:\/\/spoldzielniamuzyczna.com\/wp-content\/uploads\/2025\/09\/SM_mocak-74-2048x1366.jpg 2048w\" sizes=\"(max-width: 2560px) 100vw, 2560px\" \/>                                    <\/div>\n        <\/article>\n              <article class=\"media__item\" data-media-type=\"wideo\">\n          <header class=\"media__header\">\n                          <h2 class=\"media__title\">Zygmunt Krauze &#8211; KONTEKSTY \/ CONTEXTS<\/h2>\n                                  <\/header>\n          <div class=\"media__content\">\n                          <iframe loading=\"lazy\" title=\"Zygmunt Krauze -  KONTEKSTY \/ CONTEXTS\" width=\"640\" height=\"360\" src=\"https:\/\/www.youtube.com\/embed\/CQTdKC7-zG0?feature=oembed\" frameborder=\"0\" allow=\"accelerometer; autoplay; clipboard-write; encrypted-media; gyroscope; picture-in-picture; web-share\" referrerpolicy=\"strict-origin-when-cross-origin\" allowfullscreen><\/iframe>                      <\/div>\n        <\/article>\n              <article class=\"media__item\" data-media-type=\"zdjecia\">\n          <header class=\"media__header\">\n                          <div class=\"media__no-title\"><\/div>\n                                      <div class=\"media__subtitle\">Fot. G. Mart<\/div>\n                      <\/header>\n          <div class=\"media__content\">\n                                          <img loading=\"lazy\" decoding=\"async\" width=\"1500\" height=\"1000\" src=\"https:\/\/spoldzielniamuzyczna.com\/wp-content\/uploads\/2025\/09\/SM_nospr_mini-1.jpg\" class=\"attachment-full size-full\" alt=\"\" srcset=\"https:\/\/spoldzielniamuzyczna.com\/wp-content\/uploads\/2025\/09\/SM_nospr_mini-1.jpg 1500w, https:\/\/spoldzielniamuzyczna.com\/wp-content\/uploads\/2025\/09\/SM_nospr_mini-1-300x200.jpg 300w, https:\/\/spoldzielniamuzyczna.com\/wp-content\/uploads\/2025\/09\/SM_nospr_mini-1-1024x683.jpg 1024w, https:\/\/spoldzielniamuzyczna.com\/wp-content\/uploads\/2025\/09\/SM_nospr_mini-1-768x512.jpg 768w\" sizes=\"(max-width: 1500px) 100vw, 1500px\" \/>                                    <\/div>\n        <\/article>\n              <article class=\"media__item\" data-media-type=\"wideo\">\n          <header class=\"media__header\">\n                          <h2 class=\"media__title\">10 years!<\/h2>\n                                  <\/header>\n          <div class=\"media__content\">\n                          <iframe loading=\"lazy\" title=\"Sp\u00f3\u0142dzielnia Muzyczna Contemporary Ensemble - 10 years!\" width=\"640\" height=\"360\" src=\"https:\/\/www.youtube.com\/embed\/BmpCZeQu7mw?start=529&#038;feature=oembed\" frameborder=\"0\" allow=\"accelerometer; autoplay; clipboard-write; encrypted-media; gyroscope; picture-in-picture; web-share\" referrerpolicy=\"strict-origin-when-cross-origin\" allowfullscreen><\/iframe>                      <\/div>\n        <\/article>\n              <article class=\"media__item\" data-media-type=\"zdjecia\">\n          <header class=\"media__header\">\n                          <div class=\"media__no-title\"><\/div>\n                                      <div class=\"media__subtitle\">Fot. G. Mart<\/div>\n                      <\/header>\n          <div class=\"media__content\">\n                                          <img loading=\"lazy\" decoding=\"async\" width=\"2560\" height=\"1707\" src=\"https:\/\/spoldzielniamuzyczna.com\/wp-content\/uploads\/2025\/09\/OR24_Romitelli_An_Index_of_Metals_koncert_fot._Michal_Ramus-3-scaled.jpg\" class=\"attachment-full size-full\" alt=\"\" srcset=\"https:\/\/spoldzielniamuzyczna.com\/wp-content\/uploads\/2025\/09\/OR24_Romitelli_An_Index_of_Metals_koncert_fot._Michal_Ramus-3-scaled.jpg 2560w, https:\/\/spoldzielniamuzyczna.com\/wp-content\/uploads\/2025\/09\/OR24_Romitelli_An_Index_of_Metals_koncert_fot._Michal_Ramus-3-300x200.jpg 300w, https:\/\/spoldzielniamuzyczna.com\/wp-content\/uploads\/2025\/09\/OR24_Romitelli_An_Index_of_Metals_koncert_fot._Michal_Ramus-3-1024x683.jpg 1024w, https:\/\/spoldzielniamuzyczna.com\/wp-content\/uploads\/2025\/09\/OR24_Romitelli_An_Index_of_Metals_koncert_fot._Michal_Ramus-3-768x512.jpg 768w, https:\/\/spoldzielniamuzyczna.com\/wp-content\/uploads\/2025\/09\/OR24_Romitelli_An_Index_of_Metals_koncert_fot._Michal_Ramus-3-1536x1024.jpg 1536w, https:\/\/spoldzielniamuzyczna.com\/wp-content\/uploads\/2025\/09\/OR24_Romitelli_An_Index_of_Metals_koncert_fot._Michal_Ramus-3-2048x1365.jpg 2048w\" sizes=\"(max-width: 2560px) 100vw, 2560px\" \/>                                    <\/div>\n        <\/article>\n              <article class=\"media__item\" data-media-type=\"wideo\">\n          <header class=\"media__header\">\n                          <h2 class=\"media__title\">Lautaro Figueroa Balcarce \u2013 Lamento<\/h2>\n                                  <\/header>\n          <div class=\"media__content\">\n                          <iframe loading=\"lazy\" title=\"Lautaro Figueroa Balcarce \u2013 Lamento | Sp\u00f3\u0142dzielnia Muzyczna Contemporary Ensemble\" width=\"640\" height=\"360\" src=\"https:\/\/www.youtube.com\/embed\/9Hew7lTAQIY?feature=oembed\" frameborder=\"0\" allow=\"accelerometer; autoplay; clipboard-write; encrypted-media; gyroscope; picture-in-picture; web-share\" referrerpolicy=\"strict-origin-when-cross-origin\" allowfullscreen><\/iframe>                      <\/div>\n        <\/article>\n              <article class=\"media__item\" data-media-type=\"zdjecia\">\n          <header class=\"media__header\">\n                          <div class=\"media__no-title\"><\/div>\n                                      <div class=\"media__subtitle\">Fot. G. Mart<\/div>\n                      <\/header>\n          <div class=\"media__content\">\n                                          <img loading=\"lazy\" decoding=\"async\" width=\"2560\" height=\"1708\" src=\"https:\/\/spoldzielniamuzyczna.com\/wp-content\/uploads\/2025\/09\/SM_10_lat-38-scaled.jpg\" class=\"attachment-full size-full\" alt=\"\" srcset=\"https:\/\/spoldzielniamuzyczna.com\/wp-content\/uploads\/2025\/09\/SM_10_lat-38-scaled.jpg 2560w, https:\/\/spoldzielniamuzyczna.com\/wp-content\/uploads\/2025\/09\/SM_10_lat-38-300x200.jpg 300w, https:\/\/spoldzielniamuzyczna.com\/wp-content\/uploads\/2025\/09\/SM_10_lat-38-1024x683.jpg 1024w, https:\/\/spoldzielniamuzyczna.com\/wp-content\/uploads\/2025\/09\/SM_10_lat-38-768x512.jpg 768w, https:\/\/spoldzielniamuzyczna.com\/wp-content\/uploads\/2025\/09\/SM_10_lat-38-1536x1025.jpg 1536w, https:\/\/spoldzielniamuzyczna.com\/wp-content\/uploads\/2025\/09\/SM_10_lat-38-2048x1366.jpg 2048w\" sizes=\"(max-width: 2560px) 100vw, 2560px\" \/>                                    <\/div>\n        <\/article>\n              <article class=\"media__item\" data-media-type=\"wideo\">\n          <header class=\"media__header\">\n                          <h2 class=\"media__title\">Ilona Perger &#8211; Mycelia<\/h2>\n                                  <\/header>\n          <div class=\"media__content\">\n                          <iframe loading=\"lazy\" title=\"Ilona Perger - Mycelia I Sp\u00f3\u0142dzielnia Muzyczna Contemporary Ensemble\" width=\"640\" height=\"360\" src=\"https:\/\/www.youtube.com\/embed\/l-muFjHfzU0?feature=oembed\" frameborder=\"0\" allow=\"accelerometer; autoplay; clipboard-write; encrypted-media; gyroscope; picture-in-picture; web-share\" referrerpolicy=\"strict-origin-when-cross-origin\" allowfullscreen><\/iframe>                      <\/div>\n        <\/article>\n              <article class=\"media__item\" data-media-type=\"zdjecia\">\n          <header class=\"media__header\">\n                          <div class=\"media__no-title\"><\/div>\n                                      <div class=\"media__subtitle\">Fot. G. Mart<\/div>\n                      <\/header>\n          <div class=\"media__content\">\n                                          <img loading=\"lazy\" decoding=\"async\" width=\"2560\" height=\"1708\" src=\"https:\/\/spoldzielniamuzyczna.com\/wp-content\/uploads\/2025\/09\/SM_KTO_16_05_2024-67-scaled.jpg\" class=\"attachment-full size-full\" alt=\"\" srcset=\"https:\/\/spoldzielniamuzyczna.com\/wp-content\/uploads\/2025\/09\/SM_KTO_16_05_2024-67-scaled.jpg 2560w, https:\/\/spoldzielniamuzyczna.com\/wp-content\/uploads\/2025\/09\/SM_KTO_16_05_2024-67-300x200.jpg 300w, https:\/\/spoldzielniamuzyczna.com\/wp-content\/uploads\/2025\/09\/SM_KTO_16_05_2024-67-1024x683.jpg 1024w, https:\/\/spoldzielniamuzyczna.com\/wp-content\/uploads\/2025\/09\/SM_KTO_16_05_2024-67-768x512.jpg 768w, https:\/\/spoldzielniamuzyczna.com\/wp-content\/uploads\/2025\/09\/SM_KTO_16_05_2024-67-1536x1025.jpg 1536w, https:\/\/spoldzielniamuzyczna.com\/wp-content\/uploads\/2025\/09\/SM_KTO_16_05_2024-67-2048x1366.jpg 2048w\" sizes=\"(max-width: 2560px) 100vw, 2560px\" \/>                                    <\/div>\n        <\/article>\n              <article class=\"media__item\" data-media-type=\"wideo\">\n          <header class=\"media__header\">\n                          <h2 class=\"media__title\">Ian Mikyska &#8211; Between<\/h2>\n                                  <\/header>\n          <div class=\"media__content\">\n                          <iframe loading=\"lazy\" title=\"Ian Mikyska - Between I Sp\u00f3\u0142dzielnia Muzyczna contemporary ensemble\" width=\"640\" height=\"360\" src=\"https:\/\/www.youtube.com\/embed\/qpC93ydehYM?feature=oembed\" frameborder=\"0\" allow=\"accelerometer; autoplay; clipboard-write; encrypted-media; gyroscope; picture-in-picture; web-share\" referrerpolicy=\"strict-origin-when-cross-origin\" allowfullscreen><\/iframe>                      <\/div>\n        <\/article>\n              <article class=\"media__item\" data-media-type=\"wideo\">\n          <header class=\"media__header\">\n                          <h2 class=\"media__title\">Wojciech B\u0142a\u017cejczyk &#8211; Soundbank of Modern Human <\/h2>\n                                  <\/header>\n          <div class=\"media__content\">\n                          <iframe loading=\"lazy\" title=\"Wojciech B\u0142a\u017cejczyk - Soundbank of Modern Human I Sp\u00f3\u0142dzielnia Muzyczna Contemporary Ensemble\" width=\"640\" height=\"360\" src=\"https:\/\/www.youtube.com\/embed\/x9JuZ5-5t1Q?start=8&#038;feature=oembed\" frameborder=\"0\" allow=\"accelerometer; autoplay; clipboard-write; encrypted-media; gyroscope; picture-in-picture; web-share\" referrerpolicy=\"strict-origin-when-cross-origin\" allowfullscreen><\/iframe>                      <\/div>\n        <\/article>\n              <article class=\"media__item\" data-media-type=\"wideo\">\n          <header class=\"media__header\">\n                          <h2 class=\"media__title\">Eloain Lovis H\u00fcbner &#8211; crunch modes 3.0<\/h2>\n                                  <\/header>\n          <div class=\"media__content\">\n                          <iframe loading=\"lazy\" title=\"Eloain Lovis H\u00fcbner - crunch modes 3.0 I Sp\u00f3\u0142dzielnia Muzyczna Contemporary Ensemble\" width=\"640\" height=\"360\" src=\"https:\/\/www.youtube.com\/embed\/JwBxA7L_SeY?feature=oembed\" frameborder=\"0\" allow=\"accelerometer; autoplay; clipboard-write; encrypted-media; gyroscope; picture-in-picture; web-share\" referrerpolicy=\"strict-origin-when-cross-origin\" allowfullscreen><\/iframe>                      <\/div>\n        <\/article>\n              <article class=\"media__item\" data-media-type=\"wideo\">\n          <header class=\"media__header\">\n                          <h2 class=\"media__title\">Adrianna Kubica-Cypek &#8211; Sacred Noise<\/h2>\n                                  <\/header>\n          <div class=\"media__content\">\n                          <iframe loading=\"lazy\" title=\"Adrianna Kubica-Cypek - Sacred Noise I Sp\u00f3\u0142dzielnia Muzyczna Contemporary Ensemble\" width=\"640\" height=\"360\" src=\"https:\/\/www.youtube.com\/embed\/wXAhU4EFaP0?feature=oembed\" frameborder=\"0\" allow=\"accelerometer; autoplay; clipboard-write; encrypted-media; gyroscope; picture-in-picture; web-share\" referrerpolicy=\"strict-origin-when-cross-origin\" allowfullscreen><\/iframe>                      <\/div>\n        <\/article>\n              <article class=\"media__item\" data-media-type=\"wideo\">\n          <header class=\"media__header\">\n                          <h2 class=\"media__title\">Eneko Lacalle Berasategi \u2013 Fremdsprache<\/h2>\n                                  <\/header>\n          <div class=\"media__content\">\n                          <iframe loading=\"lazy\" title=\"Eneko Lacalle Berasategi \u2013 Fremdsprache I Sp\u00f3\u0142dzielnia Muzyczna Contemporary Ensemble\" width=\"640\" height=\"360\" src=\"https:\/\/www.youtube.com\/embed\/yAn5mhse0Uo?feature=oembed\" frameborder=\"0\" allow=\"accelerometer; autoplay; clipboard-write; encrypted-media; gyroscope; picture-in-picture; web-share\" referrerpolicy=\"strict-origin-when-cross-origin\" allowfullscreen><\/iframe>                      <\/div>\n        <\/article>\n          <\/div>\n  <\/div>\n  <\/multi-media>\n<\/section>\n\n","protected":false},"excerpt":{"rendered":"","protected":false},"author":1,"featured_media":0,"parent":0,"menu_order":0,"comment_status":"closed","ping_status":"closed","template":"","meta":{"_acf_changed":false,"footnotes":""},"class_list":["post-637","page","type-page","status-publish","hentry"],"acf":[],"_links":{"self":[{"href":"https:\/\/spoldzielniamuzyczna.com\/en\/wp-json\/wp\/v2\/pages\/637","targetHints":{"allow":["GET"]}}],"collection":[{"href":"https:\/\/spoldzielniamuzyczna.com\/en\/wp-json\/wp\/v2\/pages"}],"about":[{"href":"https:\/\/spoldzielniamuzyczna.com\/en\/wp-json\/wp\/v2\/types\/page"}],"author":[{"embeddable":true,"href":"https:\/\/spoldzielniamuzyczna.com\/en\/wp-json\/wp\/v2\/users\/1"}],"replies":[{"embeddable":true,"href":"https:\/\/spoldzielniamuzyczna.com\/en\/wp-json\/wp\/v2\/comments?post=637"}],"version-history":[{"count":1,"href":"https:\/\/spoldzielniamuzyczna.com\/en\/wp-json\/wp\/v2\/pages\/637\/revisions"}],"predecessor-version":[{"id":638,"href":"https:\/\/spoldzielniamuzyczna.com\/en\/wp-json\/wp\/v2\/pages\/637\/revisions\/638"}],"wp:attachment":[{"href":"https:\/\/spoldzielniamuzyczna.com\/en\/wp-json\/wp\/v2\/media?parent=637"}],"curies":[{"name":"wp","href":"https:\/\/api.w.org\/{rel}","templated":true}]}}